{"id":151,"date":"2026-04-15T22:36:02","date_gmt":"2026-04-15T20:36:02","guid":{"rendered":"https:\/\/www.ankebezyk.com\/?page_id=151"},"modified":"2026-04-16T15:28:20","modified_gmt":"2026-04-16T13:28:20","slug":"enjoy","status":"publish","type":"page","link":"https:\/\/www.ankebezyk.com\/","title":{"rendered":"Enjoy &#8211; K\u00f6rper. Bewusstsein. Bewegung."},"content":{"rendered":"\n<p><\/p>\n\n\n\n<p><strong>Willkommen auf meiner Seite.<\/strong><\/p>\n\n\n\n<p>Hier geht es nicht nur um Training \u2013 sondern um dich.<\/p>\n\n\n\n<p>Deinen K\u00f6rper und dein Gef\u00fchl dazu in den Vordergrund bringen. Genau hier setze ich an. Als Pilates Trainerin begleite ich dich dabei, wieder in Verbindung mit deinem K\u00f6rper zu kommen, Bewegungen bewusst wahrzunehmen und ein neues K\u00f6rpergef\u00fchl zu entwickeln.<\/p>\n\n\n\n<p>Pilates ist f\u00fcr mich mehr als ein Workout. Es ist eine Methode, die Kraft, Beweglichkeit und Konzentration miteinander verbindet. Durch pr\u00e4zise und kontrollierte Bewegungen st\u00e4rkst du nicht nur deine Muskulatur, sondern auch dein Bewusstsein f\u00fcr Haltung, Atmung und innere Balance.<\/p>\n\n\n\n<p>Mein Ansatz ist ganzheitlich. Jeder Mensch bringt unterschiedliche Voraussetzungen, Bed\u00fcrfnisse und Ziele mit. Deshalb steht bei mir nicht Leistung im Vordergrund, sondern Qualit\u00e4t der Bewegung, Achtsamkeit und ein nachhaltiges K\u00f6rpergef\u00fchl.<\/p>\n\n\n\n<p>Ob du Verspannungen l\u00f6sen, deine Haltung verbessern, nach einer Pause wieder in Bewegung kommen oder einfach bewusster mit dir selbst umgehen m\u00f6chtest \u2013 ich begleite dich auf diesem Weg.<\/p>\n\n\n\n<p>Ich freue mich darauf, dich kennenzulernen.<\/p>\n\n\n\n<figure class=\"wp-block-image size-large\"><img loading=\"lazy\" decoding=\"async\" width=\"683\" height=\"1024\" src=\"https:\/\/www.ankebezyk.com\/wp-content\/uploads\/2026\/04\/AnkeIMG_5606-683x1024.jpg\" alt=\"\" class=\"wp-image-98\" srcset=\"https:\/\/www.ankebezyk.com\/wp-content\/uploads\/2026\/04\/AnkeIMG_5606-683x1024.jpg 683w, https:\/\/www.ankebezyk.com\/wp-content\/uploads\/2026\/04\/AnkeIMG_5606-200x300.jpg 200w, https:\/\/www.ankebezyk.com\/wp-content\/uploads\/2026\/04\/AnkeIMG_5606-768x1152.jpg 768w, https:\/\/www.ankebezyk.com\/wp-content\/uploads\/2026\/04\/AnkeIMG_5606-1024x1536.jpg 1024w, https:\/\/www.ankebezyk.com\/wp-content\/uploads\/2026\/04\/AnkeIMG_5606-1365x2048.jpg 1365w, https:\/\/www.ankebezyk.com\/wp-content\/uploads\/2026\/04\/AnkeIMG_5606-scaled.jpg 1707w\" sizes=\"auto, (max-width: 683px) 100vw, 683px\" \/><\/figure>\n","protected":false},"excerpt":{"rendered":"<p>Willkommen auf meiner Seite. Hier geht es nicht nur um Training \u2013 sondern um dich. Deinen K\u00f6rper und dein Gef\u00fchl dazu in den Vordergrund bringen. Genau hier setze ich an. &hellip; <\/p>\n","protected":false},"author":1,"featured_media":118,"parent":0,"menu_order":0,"comment_status":"closed","ping_status":"closed","template":"","meta":{"footnotes":""},"class_list":["post-151","page","type-page","status-publish","has-post-thumbnail","hentry"],"_links":{"self":[{"href":"https:\/\/www.ankebezyk.com\/index.php?rest_route=\/wp\/v2\/pages\/151","targetHints":{"allow":["GET"]}}],"collection":[{"href":"https:\/\/www.ankebezyk.com\/index.php?rest_route=\/wp\/v2\/pages"}],"about":[{"href":"https:\/\/www.ankebezyk.com\/index.php?rest_route=\/wp\/v2\/types\/page"}],"author":[{"embeddable":true,"href":"https:\/\/www.ankebezyk.com\/index.php?rest_route=\/wp\/v2\/users\/1"}],"replies":[{"embeddable":true,"href":"https:\/\/www.ankebezyk.com\/index.php?rest_route=%2Fwp%2Fv2%2Fcomments&post=151"}],"version-history":[{"count":5,"href":"https:\/\/www.ankebezyk.com\/index.php?rest_route=\/wp\/v2\/pages\/151\/revisions"}],"predecessor-version":[{"id":176,"href":"https:\/\/www.ankebezyk.com\/index.php?rest_route=\/wp\/v2\/pages\/151\/revisions\/176"}],"wp:featuredmedia":[{"embeddable":true,"href":"https:\/\/www.ankebezyk.com\/index.php?rest_route=\/wp\/v2\/media\/118"}],"wp:attachment":[{"href":"https:\/\/www.ankebezyk.com\/index.php?rest_route=%2Fwp%2Fv2%2Fmedia&parent=151"}],"curies":[{"name":"wp","href":"https:\/\/api.w.org\/{rel}","templated":true}]}}